{"id":900,"date":"2020-10-05T16:50:12","date_gmt":"2020-10-05T14:50:12","guid":{"rendered":"https:\/\/observatoire.tresor.gouv.ci\/oed2\/?page_id=900"},"modified":"2024-10-28T14:15:01","modified_gmt":"2024-10-28T13:15:01","slug":"personne-physique","status":"publish","type":"page","link":"https:\/\/observatoire.tresor.gouv.ci\/oed2\/personne-physique\/","title":{"rendered":"Personne physique"},"content":{"rendered":"\t\t<div data-elementor-type=\"wp-page\" data-elementor-id=\"900\" class=\"elementor elementor-900\">\n\t\t\t\t\t\t\t\t\t<section class=\"elementor-section elementor-top-section elementor-element elementor-element-67bdffdb elementor-section-boxed elementor-section-height-default elementor-section-height-default\" data-id=\"67bdffdb\" data-element_type=\"section\">\n\t\t\t\t\t\t<div class=\"elementor-container elementor-column-gap-default\">\n\t\t\t\t\t<div class=\"elementor-column elementor-col-100 elementor-top-column elementor-element elementor-element-7979b4fc\" data-id=\"7979b4fc\" data-element_type=\"column\">\n\t\t\t<div class=\"elementor-widget-wrap elementor-element-populated\">\n\t\t\t\t\t\t\t\t<div class=\"elementor-element elementor-element-09e98aa elementor-widget elementor-widget-spacer\" data-id=\"09e98aa\" data-element_type=\"widget\" data-widget_type=\"spacer.default\">\n\t\t\t\t<div class=\"elementor-widget-container\">\n\t\t\t<style>\/*! elementor - v3.6.7 - 03-07-2022 *\/\n.e-container.e-container--row .elementor-spacer-inner{width:var(--spacer-size)}.e-container.e-container--column .elementor-spacer-inner,.elementor-column .elementor-spacer-inner{height:var(--spacer-size)}<\/style>\t\t<div class=\"elementor-spacer\">\n\t\t\t<div class=\"elementor-spacer-inner\"><\/div>\n\t\t<\/div>\n\t\t\t\t<\/div>\n\t\t\t\t<\/div>\n\t\t\t\t<div class=\"elementor-element elementor-element-6a765514 elementor-widget elementor-widget-heading\" data-id=\"6a765514\" data-element_type=\"widget\" data-widget_type=\"heading.default\">\n\t\t\t\t<div class=\"elementor-widget-container\">\n\t\t\t<style>\/*! elementor - v3.6.7 - 03-07-2022 *\/\n.elementor-heading-title{padding:0;margin:0;line-height:1}.elementor-widget-heading .elementor-heading-title[class*=elementor-size-]>a{color:inherit;font-size:inherit;line-height:inherit}.elementor-widget-heading .elementor-heading-title.elementor-size-small{font-size:15px}.elementor-widget-heading .elementor-heading-title.elementor-size-medium{font-size:19px}.elementor-widget-heading .elementor-heading-title.elementor-size-large{font-size:29px}.elementor-widget-heading .elementor-heading-title.elementor-size-xl{font-size:39px}.elementor-widget-heading .elementor-heading-title.elementor-size-xxl{font-size:59px}<\/style><h1 class=\"elementor-heading-title elementor-size-default\">FOMULAIRE DE SAISINE POUR PERSONNE PHYSIQUE<\/h1>\t\t<\/div>\n\t\t\t\t<\/div>\n\t\t\t\t\t<\/div>\n\t\t<\/div>\n\t\t\t\t\t\t\t<\/div>\n\t\t<\/section>\n\t\t\t\t<section class=\"elementor-section elementor-top-section elementor-element elementor-element-11e22db elementor-section-boxed elementor-section-height-default elementor-section-height-default\" data-id=\"11e22db\" data-element_type=\"section\">\n\t\t\t\t\t\t<div class=\"elementor-container elementor-column-gap-default\">\n\t\t\t\t\t<div class=\"elementor-column elementor-col-100 elementor-top-column elementor-element elementor-element-663ab74\" data-id=\"663ab74\" data-element_type=\"column\">\n\t\t\t<div class=\"elementor-widget-wrap elementor-element-populated\">\n\t\t\t\t\t\t\t\t<div class=\"elementor-element elementor-element-456a92d elementor-widget elementor-widget-text-editor\" data-id=\"456a92d\" data-element_type=\"widget\" data-widget_type=\"text-editor.default\">\n\t\t\t\t<div class=\"elementor-widget-container\">\n\t\t\t<style>\/*! elementor - v3.6.7 - 03-07-2022 *\/\n.elementor-widget-text-editor.elementor-drop-cap-view-stacked .elementor-drop-cap{background-color:#818a91;color:#fff}.elementor-widget-text-editor.elementor-drop-cap-view-framed .elementor-drop-cap{color:#818a91;border:3px solid;background-color:transparent}.elementor-widget-text-editor:not(.elementor-drop-cap-view-default) .elementor-drop-cap{margin-top:8px}.elementor-widget-text-editor:not(.elementor-drop-cap-view-default) .elementor-drop-cap-letter{width:1em;height:1em}.elementor-widget-text-editor .elementor-drop-cap{float:left;text-align:center;line-height:1;font-size:50px}.elementor-widget-text-editor .elementor-drop-cap-letter{display:inline-block}<\/style>\t\t\t\t<div role=\"form\" class=\"wpcf7\" id=\"wpcf7-f1914-o1\" lang=\"fr-FR\" dir=\"ltr\">\n<div class=\"screen-reader-response\"><p role=\"status\" aria-live=\"polite\" aria-atomic=\"true\"><\/p> <ul><\/ul><\/div>\n<form action=\"\/oed2\/wp-json\/wp\/v2\/pages\/900#wpcf7-f1914-o1\" method=\"post\" class=\"wpcf7-form init\" enctype=\"multipart\/form-data\" novalidate=\"novalidate\" data-status=\"init\">\n<div style=\"display: none;\">\n<input type=\"hidden\" name=\"_wpcf7\" value=\"1914\" \/>\n<input type=\"hidden\" name=\"_wpcf7_version\" value=\"5.6\" \/>\n<input type=\"hidden\" name=\"_wpcf7_locale\" value=\"fr_FR\" \/>\n<input type=\"hidden\" name=\"_wpcf7_unit_tag\" value=\"wpcf7-f1914-o1\" \/>\n<input type=\"hidden\" name=\"_wpcf7_container_post\" value=\"0\" \/>\n<input type=\"hidden\" name=\"_wpcf7_posted_data_hash\" value=\"\" \/>\n<input type=\"hidden\" name=\"_wpcf7_recaptcha_response\" value=\"\" \/>\n<\/div>\n<p>Les champs marqu\u00e9s d\u2019un * sont obligatoires<\/p>\n<p  style: center;> <b> VOS INFORMATIONS<\/b><\/p>\n<p>Nom*<span class=\"wpcf7-form-control-wrap\" data-name=\"Nom\"><input type=\"text\" name=\"Nom\" value=\"\" size=\"40\" class=\"wpcf7-form-control wpcf7-text wpcf7-validates-as-required\" aria-required=\"true\" aria-invalid=\"false\" placeholder=\"Nom*\" \/><\/span><\/p>\n<p>Pr\u00e9noms*<span class=\"wpcf7-form-control-wrap\" data-name=\"Prenoms\"><input type=\"text\" name=\"Prenoms\" value=\"\" size=\"40\" class=\"wpcf7-form-control wpcf7-text wpcf7-validates-as-required\" aria-required=\"true\" aria-invalid=\"false\" placeholder=\"Prenoms*\" \/><\/span><\/p>\n<p>Matricule <span class=\"wpcf7-form-control-wrap\" data-name=\"text-735\"><input type=\"text\" name=\"text-735\" value=\"\" size=\"40\" class=\"wpcf7-form-control wpcf7-text\" aria-invalid=\"false\" placeholder=\"Matricule (si agent de la DGTCP)\" \/><\/span><\/p>\n<p>Profession*<span class=\"wpcf7-form-control-wrap\" data-name=\"Profession\"><input type=\"text\" name=\"Profession\" value=\"\" size=\"40\" class=\"wpcf7-form-control wpcf7-text wpcf7-validates-as-required\" aria-required=\"true\" aria-invalid=\"false\" placeholder=\"Profession*\" \/><\/span><\/p>\n<p>Adresse postale<span class=\"wpcf7-form-control-wrap\" data-name=\"Adressepostale\"><input type=\"text\" name=\"Adressepostale\" value=\"\" size=\"40\" class=\"wpcf7-form-control wpcf7-text\" aria-invalid=\"false\" placeholder=\"Adresse postale\" \/><\/span><\/p>\n<p>T\u00e9l\u00e9phone cellulaire*<span class=\"wpcf7-form-control-wrap\" data-name=\"Telephonecellulaire\"><input type=\"tel\" name=\"Telephonecellulaire\" value=\"\" size=\"40\" class=\"wpcf7-form-control wpcf7-text wpcf7-tel wpcf7-validates-as-required wpcf7-validates-as-tel\" aria-required=\"true\" aria-invalid=\"false\" placeholder=\"T\u00e9l\u00e9phone cellulaire*\" \/><\/span><\/p>\n<p>T\u00e9l\u00e9phone fixe<span class=\"wpcf7-form-control-wrap\" data-name=\"Tlphonefixe\"><input type=\"tel\" name=\"Tlphonefixe\" value=\"\" size=\"40\" class=\"wpcf7-form-control wpcf7-text wpcf7-tel wpcf7-validates-as-tel\" aria-invalid=\"false\" placeholder=\"T\u00e9l\u00e9phone fixe\" \/><\/span><\/p>\n<p>Email*<span class=\"wpcf7-form-control-wrap\" data-name=\"email-823\"><input type=\"email\" name=\"email-823\" value=\"\" size=\"40\" class=\"wpcf7-form-control wpcf7-text wpcf7-email wpcf7-validates-as-required wpcf7-validates-as-email\" aria-required=\"true\" aria-invalid=\"false\" placeholder=\"Email*\" \/><\/span><\/p>\n<p> <br\/><br \/>\n <b> OBJET DE LA REQUETE<\/b><br \/>\n<span class=\"wpcf7-form-control-wrap\" data-name=\"Objectdevotresaisine\"><span class=\"wpcf7-form-control wpcf7-checkbox wpcf7-validates-as-required\"><span class=\"wpcf7-list-item first\"><span class=\"wpcf7-list-item-label\">D\u00e9nonciation<\/span><input type=\"checkbox\" name=\"Objectdevotresaisine[]\" value=\"D\u00e9nonciation\" \/><\/span><span class=\"wpcf7-list-item\"><span class=\"wpcf7-list-item-label\">Plainte<\/span><input type=\"checkbox\" name=\"Objectdevotresaisine[]\" value=\"Plainte\" \/><\/span><span class=\"wpcf7-list-item last\"><span class=\"wpcf7-list-item-label\">Autre<\/span><input type=\"checkbox\" name=\"Objectdevotresaisine[]\" value=\"Autre\" \/><\/span><\/span><\/span><\/p>\n<p><span class=\"wpcf7-form-control-wrap\" data-name=\"Autre\"><input type=\"text\" name=\"Autre\" value=\"\" size=\"40\" class=\"wpcf7-form-control wpcf7-text\" aria-invalid=\"false\" placeholder=\"Merci de pr\u00e9ciser, si vous cochez Autre\" \/><\/span><\/p>\n<p>Expos\u00e9 des motifs* <span class=\"wpcf7-form-control-wrap\" data-name=\"Exposedesmotifs\"><textarea name=\"Exposedesmotifs\" cols=\"40\" rows=\"10\" class=\"wpcf7-form-control wpcf7-textarea wpcf7-validates-as-required\" aria-required=\"true\" aria-invalid=\"false\" placeholder=\"Expos\u00e9 des motifs\"><\/textarea><\/span><\/p>\n<p>Pi\u00e8ces \u00e9ventuelles sur lesquelles la saisine est fond\u00e9e \u00e0 joindre au dossier (facultatif)<br \/>\n<span class=\"wpcf7-form-control-wrap\" data-name=\"piecejointe\"><input type=\"file\" name=\"piecejointe\" size=\"40\" class=\"wpcf7-form-control wpcf7-file\" accept=\".jpg,.png,.doc\" aria-invalid=\"false\" \/><\/span><\/p>\n<p> <br\/><br \/>\n  <b>IDENTIFICATION DE LA PARTIE MISE EN CAUSE <\/b><\/p>\n<p>Identit\u00e9 ou liste des mis en cause<span class=\"wpcf7-form-control-wrap\" data-name=\"Identiteoulistedesmisencause\"><input type=\"text\" name=\"Identiteoulistedesmisencause\" value=\"\" size=\"40\" class=\"wpcf7-form-control wpcf7-text\" aria-invalid=\"false\" placeholder=\"Identit\u00e9 ou liste des mis en cause\" \/><\/span><\/p>\n<p>Direction, Poste comptable ou Service concern\u00e9<span class=\"wpcf7-form-control-wrap\" data-name=\"DirectionPostecomptableouServiceconcerne\"><input type=\"text\" name=\"DirectionPostecomptableouServiceconcerne\" value=\"\" size=\"40\" class=\"wpcf7-form-control wpcf7-text\" aria-invalid=\"false\" placeholder=\"Direction, Poste comptable ou Service concern\u00e9\" \/><\/span><\/p>\n<p>Adresse\/T\u00e9l\u00e9phone (facultatif)<span class=\"wpcf7-form-control-wrap\" data-name=\"AdresseTelephone\"><input type=\"text\" name=\"AdresseTelephone\" value=\"\" size=\"40\" class=\"wpcf7-form-control wpcf7-text\" aria-invalid=\"false\" placeholder=\"Adresse\/T\u00e9l\u00e9phone (facultatif)\" \/><\/span><br \/>\nNB : L\u2019identification du requ\u00e9rant est obligatoire en cas de plainte et facultative en cas de d\u00e9nonciation<\/p>\n<p  style: center;><input type=\"submit\" value=\"ENVOYEZ VOTRE REQUETE\" class=\"wpcf7-form-control has-spinner wpcf7-submit\" \/><\/p>\n<div class=\"wpcf7-response-output\" aria-hidden=\"true\"><\/div><\/form><\/div>\t\t\t\t\t\t<\/div>\n\t\t\t\t<\/div>\n\t\t\t\t<div class=\"elementor-element elementor-element-a15288b elementor-widget elementor-widget-spacer\" data-id=\"a15288b\" data-element_type=\"widget\" data-widget_type=\"spacer.default\">\n\t\t\t\t<div class=\"elementor-widget-container\">\n\t\t\t\t\t<div class=\"elementor-spacer\">\n\t\t\t<div class=\"elementor-spacer-inner\"><\/div>\n\t\t<\/div>\n\t\t\t\t<\/div>\n\t\t\t\t<\/div>\n\t\t\t\t\t<\/div>\n\t\t<\/div>\n\t\t\t\t\t\t\t<\/div>\n\t\t<\/section>\n\t\t\t\t<section class=\"elementor-section elementor-top-section elementor-element elementor-element-cc06a6f elementor-section-boxed elementor-section-height-default elementor-section-height-default\" data-id=\"cc06a6f\" data-element_type=\"section\">\n\t\t\t\t\t\t<div class=\"elementor-container elementor-column-gap-default\">\n\t\t\t\t\t<div class=\"elementor-column elementor-col-100 elementor-top-column elementor-element elementor-element-0eab559\" data-id=\"0eab559\" data-element_type=\"column\">\n\t\t\t<div class=\"elementor-widget-wrap elementor-element-populated\">\n\t\t\t\t\t\t\t\t<div class=\"elementor-element elementor-element-97db909 elementor-widget elementor-widget-spacer\" data-id=\"97db909\" data-element_type=\"widget\" data-widget_type=\"spacer.default\">\n\t\t\t\t<div class=\"elementor-widget-container\">\n\t\t\t\t\t<div class=\"elementor-spacer\">\n\t\t\t<div class=\"elementor-spacer-inner\"><\/div>\n\t\t<\/div>\n\t\t\t\t<\/div>\n\t\t\t\t<\/div>\n\t\t\t\t\t<\/div>\n\t\t<\/div>\n\t\t\t\t\t\t\t<\/div>\n\t\t<\/section>\n\t\t\t\t\t\t\t<\/div>\n\t\t","protected":false},"excerpt":{"rendered":"<p>FOMULAIRE DE SAISINE POUR PERSONNE PHYSIQUE<\/p>\n","protected":false},"author":1,"featured_media":0,"parent":0,"menu_order":0,"comment_status":"closed","ping_status":"closed","template":"elementor_canvas","meta":{"footnotes":""},"class_list":["post-900","page","type-page","status-publish","hentry"],"_links":{"self":[{"href":"https:\/\/observatoire.tresor.gouv.ci\/oed2\/wp-json\/wp\/v2\/pages\/900","targetHints":{"allow":["GET"]}}],"collection":[{"href":"https:\/\/observatoire.tresor.gouv.ci\/oed2\/wp-json\/wp\/v2\/pages"}],"about":[{"href":"https:\/\/observatoire.tresor.gouv.ci\/oed2\/wp-json\/wp\/v2\/types\/page"}],"author":[{"embeddable":true,"href":"https:\/\/observatoire.tresor.gouv.ci\/oed2\/wp-json\/wp\/v2\/users\/1"}],"replies":[{"embeddable":true,"href":"https:\/\/observatoire.tresor.gouv.ci\/oed2\/wp-json\/wp\/v2\/comments?post=900"}],"version-history":[{"count":255,"href":"https:\/\/observatoire.tresor.gouv.ci\/oed2\/wp-json\/wp\/v2\/pages\/900\/revisions"}],"predecessor-version":[{"id":5576,"href":"https:\/\/observatoire.tresor.gouv.ci\/oed2\/wp-json\/wp\/v2\/pages\/900\/revisions\/5576"}],"wp:attachment":[{"href":"https:\/\/observatoire.tresor.gouv.ci\/oed2\/wp-json\/wp\/v2\/media?parent=900"}],"curies":[{"name":"wp","href":"https:\/\/api.w.org\/{rel}","templated":true}]}}