{"id":4168,"date":"2024-04-29T16:48:29","date_gmt":"2024-04-29T14:48:29","guid":{"rendered":"https:\/\/observatoire.tresor.gouv.ci\/oed2\/?page_id=4168"},"modified":"2024-09-16T15:12:49","modified_gmt":"2024-09-16T13:12:49","slug":"missions-et-fonctionnement","status":"publish","type":"page","link":"https:\/\/observatoire.tresor.gouv.ci\/oed2\/missions-et-fonctionnement\/","title":{"rendered":"Missions et Fonctionnement"},"content":{"rendered":"\t\t<div data-elementor-type=\"wp-page\" data-elementor-id=\"4168\" class=\"elementor elementor-4168\">\n\t\t\t\t\t\t\t\t\t<section class=\"elementor-section elementor-top-section elementor-element elementor-element-3d19d2d elementor-section-boxed elementor-section-height-default elementor-section-height-default\" data-id=\"3d19d2d\" data-element_type=\"section\">\n\t\t\t\t\t\t<div class=\"elementor-container elementor-column-gap-default\">\n\t\t\t\t\t<div class=\"elementor-column elementor-col-100 elementor-top-column elementor-element elementor-element-0ddcc71\" data-id=\"0ddcc71\" data-element_type=\"column\">\n\t\t\t<div class=\"elementor-widget-wrap elementor-element-populated\">\n\t\t\t\t\t\t\t\t<div class=\"elementor-element elementor-element-56925cb elementor-align-center elementor-widget elementor-widget-button\" data-id=\"56925cb\" data-element_type=\"widget\" data-widget_type=\"button.default\">\n\t\t\t\t<div class=\"elementor-widget-container\">\n\t\t\t\t\t<div class=\"elementor-button-wrapper\">\n\t\t\t<a href=\"https:\/\/observatoire.tresor.gouv.ci\/oed2\/wp-content\/uploads\/2024\/04\/Arrete-n\u00b00238-du-17-mai-2023-portant-organisation-de-lOED-TP-et-fixant-ses-attributions.pdf\" class=\"elementor-button-link elementor-button elementor-size-sm\" role=\"button\">\n\t\t\t\t\t\t<span class=\"elementor-button-content-wrapper\">\n\t\t\t\t\t\t\t<span class=\"elementor-button-icon elementor-align-icon-left\">\n\t\t\t\t<i aria-hidden=\"true\" class=\"fas fa-download\"><\/i>\t\t\t<\/span>\n\t\t\t\t\t\t<span class=\"elementor-button-text\">T\u00e9l\u00e9charger<\/span>\n\t\t<\/span>\n\t\t\t\t\t<\/a>\n\t\t<\/div>\n\t\t\t\t<\/div>\n\t\t\t\t<\/div>\n\t\t\t\t\t<\/div>\n\t\t<\/div>\n\t\t\t\t\t\t\t<\/div>\n\t\t<\/section>\n\t\t\t\t<section class=\"elementor-section elementor-top-section elementor-element elementor-element-ff8c08e elementor-section-boxed elementor-section-height-default elementor-section-height-default\" data-id=\"ff8c08e\" data-element_type=\"section\">\n\t\t\t\t\t\t<div class=\"elementor-container elementor-column-gap-default\">\n\t\t\t\t\t<div class=\"elementor-column elementor-col-100 elementor-top-column elementor-element elementor-element-39cc17c\" data-id=\"39cc17c\" data-element_type=\"column\">\n\t\t\t<div class=\"elementor-widget-wrap elementor-element-populated\">\n\t\t\t\t\t\t\t\t<section class=\"elementor-section elementor-inner-section elementor-element elementor-element-1b2660b elementor-section-boxed elementor-section-height-default elementor-section-height-default\" data-id=\"1b2660b\" data-element_type=\"section\">\n\t\t\t\t\t\t<div class=\"elementor-container elementor-column-gap-default\">\n\t\t\t\t\t<div class=\"elementor-column elementor-col-100 elementor-inner-column elementor-element elementor-element-f8fd4e5\" data-id=\"f8fd4e5\" data-element_type=\"column\" data-settings=\"{&quot;background_background&quot;:&quot;classic&quot;}\">\n\t\t\t<div class=\"elementor-widget-wrap elementor-element-populated\">\n\t\t\t\t\t\t\t\t<div class=\"elementor-element elementor-element-1fd65cc elementor-widget elementor-widget-text-editor\" data-id=\"1fd65cc\" data-element_type=\"widget\" data-widget_type=\"text-editor.default\">\n\t\t\t\t<div class=\"elementor-widget-container\">\n\t\t\t<style>\/*! elementor - v3.6.7 - 03-07-2022 *\/\n.elementor-widget-text-editor.elementor-drop-cap-view-stacked .elementor-drop-cap{background-color:#818a91;color:#fff}.elementor-widget-text-editor.elementor-drop-cap-view-framed .elementor-drop-cap{color:#818a91;border:3px solid;background-color:transparent}.elementor-widget-text-editor:not(.elementor-drop-cap-view-default) .elementor-drop-cap{margin-top:8px}.elementor-widget-text-editor:not(.elementor-drop-cap-view-default) .elementor-drop-cap-letter{width:1em;height:1em}.elementor-widget-text-editor .elementor-drop-cap{float:left;text-align:center;line-height:1;font-size:50px}.elementor-widget-text-editor .elementor-drop-cap-letter{display:inline-block}<\/style>\t\t\t\t<a href=\"https:\/\/observatoire.tresor.gouv.ci\/oed2\/wp-content\/uploads\/2024\/09\/Missions-et-Fonctionnement-de-lObservatoire-du-Tresor-Public.pdf\" class=\"pdfemb-viewer\" style=\"\" data-width=\"max\" data-height=\"max\" data-toolbar=\"both\" data-toolbar-fixed=\"on\">Missions et Fonctionnement de l&#039;Observatoire du Tr\u00e9sor Public<\/a>\t\t\t\t\t\t<\/div>\n\t\t\t\t<\/div>\n\t\t\t\t<div class=\"elementor-element elementor-element-77e9355 elementor-widget elementor-widget-spacer\" data-id=\"77e9355\" data-element_type=\"widget\" data-widget_type=\"spacer.default\">\n\t\t\t\t<div class=\"elementor-widget-container\">\n\t\t\t<style>\/*! elementor - v3.6.7 - 03-07-2022 *\/\n.e-container.e-container--row .elementor-spacer-inner{width:var(--spacer-size)}.e-container.e-container--column .elementor-spacer-inner,.elementor-column .elementor-spacer-inner{height:var(--spacer-size)}<\/style>\t\t<div class=\"elementor-spacer\">\n\t\t\t<div class=\"elementor-spacer-inner\"><\/div>\n\t\t<\/div>\n\t\t\t\t<\/div>\n\t\t\t\t<\/div>\n\t\t\t\t<div class=\"elementor-element elementor-element-8312f4c elementor-widget elementor-widget-text-editor\" data-id=\"8312f4c\" data-element_type=\"widget\" data-widget_type=\"text-editor.default\">\n\t\t\t\t<div class=\"elementor-widget-container\">\n\t\t\t\t\t\t\t<p>Arr\u00eat\u00e9 238 du 17 Mai 2023_\u00a0portant organisation et fixant les attributions de l&rsquo;Observatoire de l&rsquo;Ethique et de D\u00e9ontologie du Tr\u00e9sor Public de C\u00f4te d&rsquo;Ivoire<\/p>\t\t\t\t\t\t<\/div>\n\t\t\t\t<\/div>\n\t\t\t\t<div class=\"elementor-element elementor-element-c992892 elementor-widget elementor-widget-text-editor\" data-id=\"c992892\" data-element_type=\"widget\" data-widget_type=\"text-editor.default\">\n\t\t\t\t<div class=\"elementor-widget-container\">\n\t\t\t\t\t\t\t<a href=\"https:\/\/observatoire.tresor.gouv.ci\/oed2\/wp-content\/uploads\/2024\/04\/Arrete-n\u00b00238-du-17-mai-2023-portant-organisation-de-lOED-TP-et-fixant-ses-attributions.pdf\" class=\"pdfemb-viewer\" style=\"\" data-width=\"max\" data-height=\"max\" data-toolbar=\"both\" data-toolbar-fixed=\"on\">Arr\u00eat\u00e9 n\u00b00238 du 17 mai 2023 portant organisation de l&#039;OED-TP et fixant ses attributions<\/a>\t\t\t\t\t\t<\/div>\n\t\t\t\t<\/div>\n\t\t\t\t\t<\/div>\n\t\t<\/div>\n\t\t\t\t\t\t\t<\/div>\n\t\t<\/section>\n\t\t\t\t<div class=\"elementor-element elementor-element-f5be2eb elementor-widget elementor-widget-spacer\" data-id=\"f5be2eb\" data-element_type=\"widget\" data-widget_type=\"spacer.default\">\n\t\t\t\t<div class=\"elementor-widget-container\">\n\t\t\t\t\t<div class=\"elementor-spacer\">\n\t\t\t<div class=\"elementor-spacer-inner\"><\/div>\n\t\t<\/div>\n\t\t\t\t<\/div>\n\t\t\t\t<\/div>\n\t\t\t\t\t<\/div>\n\t\t<\/div>\n\t\t\t\t\t\t\t<\/div>\n\t\t<\/section>\n\t\t\t\t\t\t\t<\/div>\n\t\t","protected":false},"excerpt":{"rendered":"<p>T\u00e9l\u00e9charger Arr\u00eat\u00e9 238 du 17 Mai 2023_\u00a0portant organisation et fixant les attributions de l&rsquo;Observatoire de l&rsquo;Ethique et de D\u00e9ontologie du Tr\u00e9sor Public de C\u00f4te d&rsquo;Ivoire<\/p>\n","protected":false},"author":1,"featured_media":0,"parent":0,"menu_order":0,"comment_status":"closed","ping_status":"closed","template":"","meta":{"footnotes":""},"class_list":["post-4168","page","type-page","status-publish","hentry"],"_links":{"self":[{"href":"https:\/\/observatoire.tresor.gouv.ci\/oed2\/wp-json\/wp\/v2\/pages\/4168","targetHints":{"allow":["GET"]}}],"collection":[{"href":"https:\/\/observatoire.tresor.gouv.ci\/oed2\/wp-json\/wp\/v2\/pages"}],"about":[{"href":"https:\/\/observatoire.tresor.gouv.ci\/oed2\/wp-json\/wp\/v2\/types\/page"}],"author":[{"embeddable":true,"href":"https:\/\/observatoire.tresor.gouv.ci\/oed2\/wp-json\/wp\/v2\/users\/1"}],"replies":[{"embeddable":true,"href":"https:\/\/observatoire.tresor.gouv.ci\/oed2\/wp-json\/wp\/v2\/comments?post=4168"}],"version-history":[{"count":37,"href":"https:\/\/observatoire.tresor.gouv.ci\/oed2\/wp-json\/wp\/v2\/pages\/4168\/revisions"}],"predecessor-version":[{"id":5234,"href":"https:\/\/observatoire.tresor.gouv.ci\/oed2\/wp-json\/wp\/v2\/pages\/4168\/revisions\/5234"}],"wp:attachment":[{"href":"https:\/\/observatoire.tresor.gouv.ci\/oed2\/wp-json\/wp\/v2\/media?parent=4168"}],"curies":[{"name":"wp","href":"https:\/\/api.w.org\/{rel}","templated":true}]}}