{"id":3966,"date":"2024-05-07T13:02:57","date_gmt":"2024-05-07T11:02:57","guid":{"rendered":"https:\/\/observatoire.tresor.gouv.ci\/oed2\/?page_id=3966"},"modified":"2024-05-07T13:03:36","modified_gmt":"2024-05-07T11:03:36","slug":"politique-ethique-et-deontologique-de-la-direction-generale-du-tresor-et-de-la-comptabilite-publique","status":"publish","type":"page","link":"https:\/\/observatoire.tresor.gouv.ci\/oed2\/politique-ethique-et-deontologique-de-la-direction-generale-du-tresor-et-de-la-comptabilite-publique\/","title":{"rendered":"Politique Ethique Et D\u00e9ontologique De La Direction G\u00e9n\u00e9rale Du Tr\u00e9sor Et De La Comptabilit\u00e9 Publique"},"content":{"rendered":"\t\t<div data-elementor-type=\"wp-page\" data-elementor-id=\"3966\" class=\"elementor elementor-3966\">\n\t\t\t\t\t\t\t\t\t<section class=\"elementor-section elementor-top-section elementor-element elementor-element-962a0ab elementor-section-boxed elementor-section-height-default elementor-section-height-default\" data-id=\"962a0ab\" data-element_type=\"section\">\n\t\t\t\t\t\t<div class=\"elementor-container elementor-column-gap-default\">\n\t\t\t\t\t<div class=\"elementor-column elementor-col-100 elementor-top-column elementor-element elementor-element-92d44ca\" data-id=\"92d44ca\" data-element_type=\"column\">\n\t\t\t<div class=\"elementor-widget-wrap elementor-element-populated\">\n\t\t\t\t\t\t\t\t<section class=\"elementor-section elementor-inner-section elementor-element elementor-element-eb0434c elementor-section-boxed elementor-section-height-default elementor-section-height-default\" data-id=\"eb0434c\" data-element_type=\"section\">\n\t\t\t\t\t\t<div class=\"elementor-container elementor-column-gap-default\">\n\t\t\t\t\t<div class=\"elementor-column elementor-col-100 elementor-inner-column elementor-element elementor-element-70fc3dc\" data-id=\"70fc3dc\" data-element_type=\"column\" data-settings=\"{&quot;background_background&quot;:&quot;classic&quot;}\">\n\t\t\t<div class=\"elementor-widget-wrap elementor-element-populated\">\n\t\t\t\t\t\t\t\t<div class=\"elementor-element elementor-element-6702d7f elementor-widget elementor-widget-text-editor\" data-id=\"6702d7f\" data-element_type=\"widget\" data-widget_type=\"text-editor.default\">\n\t\t\t\t<div class=\"elementor-widget-container\">\n\t\t\t<style>\/*! elementor - v3.6.7 - 03-07-2022 *\/\n.elementor-widget-text-editor.elementor-drop-cap-view-stacked .elementor-drop-cap{background-color:#818a91;color:#fff}.elementor-widget-text-editor.elementor-drop-cap-view-framed .elementor-drop-cap{color:#818a91;border:3px solid;background-color:transparent}.elementor-widget-text-editor:not(.elementor-drop-cap-view-default) .elementor-drop-cap{margin-top:8px}.elementor-widget-text-editor:not(.elementor-drop-cap-view-default) .elementor-drop-cap-letter{width:1em;height:1em}.elementor-widget-text-editor .elementor-drop-cap{float:left;text-align:center;line-height:1;font-size:50px}.elementor-widget-text-editor .elementor-drop-cap-letter{display:inline-block}<\/style>\t\t\t\t<a href=\"https:\/\/observatoire.tresor.gouv.ci\/oed2\/wp-content\/uploads\/2021\/03\/Politique-Ethique-et-Deontologique_Tresor-Public.pdf\" class=\"pdfemb-viewer\" style=\"\" data-width=\"max\" data-height=\"max\" data-toolbar=\"both\" data-toolbar-fixed=\"on\">Politique Ethique et D\u00e9ontologique_Tr\u00e9sor Public<\/a>\t\t\t\t\t\t<\/div>\n\t\t\t\t<\/div>\n\t\t\t\t\t<\/div>\n\t\t<\/div>\n\t\t\t\t\t\t\t<\/div>\n\t\t<\/section>\n\t\t\t\t\t<\/div>\n\t\t<\/div>\n\t\t\t\t\t\t\t<\/div>\n\t\t<\/section>\n\t\t\t\t\t\t\t<\/div>\n\t\t","protected":false},"excerpt":{"rendered":"","protected":false},"author":1,"featured_media":0,"parent":0,"menu_order":0,"comment_status":"closed","ping_status":"closed","template":"","meta":{"footnotes":""},"class_list":["post-3966","page","type-page","status-publish","hentry"],"_links":{"self":[{"href":"https:\/\/observatoire.tresor.gouv.ci\/oed2\/wp-json\/wp\/v2\/pages\/3966","targetHints":{"allow":["GET"]}}],"collection":[{"href":"https:\/\/observatoire.tresor.gouv.ci\/oed2\/wp-json\/wp\/v2\/pages"}],"about":[{"href":"https:\/\/observatoire.tresor.gouv.ci\/oed2\/wp-json\/wp\/v2\/types\/page"}],"author":[{"embeddable":true,"href":"https:\/\/observatoire.tresor.gouv.ci\/oed2\/wp-json\/wp\/v2\/users\/1"}],"replies":[{"embeddable":true,"href":"https:\/\/observatoire.tresor.gouv.ci\/oed2\/wp-json\/wp\/v2\/comments?post=3966"}],"version-history":[{"count":3,"href":"https:\/\/observatoire.tresor.gouv.ci\/oed2\/wp-json\/wp\/v2\/pages\/3966\/revisions"}],"predecessor-version":[{"id":4508,"href":"https:\/\/observatoire.tresor.gouv.ci\/oed2\/wp-json\/wp\/v2\/pages\/3966\/revisions\/4508"}],"wp:attachment":[{"href":"https:\/\/observatoire.tresor.gouv.ci\/oed2\/wp-json\/wp\/v2\/media?parent=3966"}],"curies":[{"name":"wp","href":"https:\/\/api.w.org\/{rel}","templated":true}]}}