{"id":3065,"date":"2024-02-29T13:37:45","date_gmt":"2024-02-29T12:37:45","guid":{"rendered":"https:\/\/observatoire.tresor.gouv.ci\/oed2\/?page_id=3065"},"modified":"2025-07-11T14:17:40","modified_gmt":"2025-07-11T12:17:40","slug":"nos-coordonnees","status":"publish","type":"page","link":"https:\/\/observatoire.tresor.gouv.ci\/oed2\/nos-coordonnees\/","title":{"rendered":"Nos Coordonn\u00e9es"},"content":{"rendered":"\t\t<div data-elementor-type=\"wp-page\" data-elementor-id=\"3065\" class=\"elementor elementor-3065\">\n\t\t\t\t\t\t\t\t\t<section class=\"elementor-section elementor-top-section elementor-element elementor-element-7e284f3 elementor-section-boxed elementor-section-height-default elementor-section-height-default\" data-id=\"7e284f3\" data-element_type=\"section\">\n\t\t\t\t\t\t<div class=\"elementor-container elementor-column-gap-default\">\n\t\t\t\t\t<div class=\"elementor-column elementor-col-50 elementor-top-column elementor-element elementor-element-47a0486\" data-id=\"47a0486\" data-element_type=\"column\">\n\t\t\t<div class=\"elementor-widget-wrap elementor-element-populated\">\n\t\t\t\t\t\t\t\t<div class=\"elementor-element elementor-element-851fc15 elementor-widget elementor-widget-google_maps\" data-id=\"851fc15\" data-element_type=\"widget\" data-widget_type=\"google_maps.default\">\n\t\t\t\t<div class=\"elementor-widget-container\">\n\t\t\t<style>\/*! elementor - v3.6.7 - 03-07-2022 *\/\n.elementor-widget-google_maps .elementor-widget-container{overflow:hidden}.elementor-widget-google_maps iframe{height:300px}<\/style>\t\t<div class=\"elementor-custom-embed\">\n\t\t\t<iframe frameborder=\"0\" scrolling=\"no\" marginheight=\"0\" marginwidth=\"0\"\n\t\t\t\t\tsrc=\"https:\/\/maps.google.com\/maps?q=92V6%2BXFW%20Observatoire%20de%20l%27%C3%A9thique%20et%20de%20la%20d%C3%A9ontologie%20du%20Tr%C3%A9sor%20Public%2C%20Abidjan%2C%20C%C3%B4te%20d%E2%80%99Ivoire&#038;t=m&#038;z=10&#038;output=embed&#038;iwloc=near\"\n\t\t\t\t\ttitle=\"92V6+XFW Observatoire de l&#039;\u00e9thique et de la d\u00e9ontologie du Tr\u00e9sor Public, Abidjan, C\u00f4te d\u2019Ivoire\"\n\t\t\t\t\taria-label=\"92V6+XFW Observatoire de l&#039;\u00e9thique et de la d\u00e9ontologie du Tr\u00e9sor Public, Abidjan, C\u00f4te d\u2019Ivoire\"\n\t\t\t><\/iframe>\n\t\t<\/div>\n\t\t\t\t<\/div>\n\t\t\t\t<\/div>\n\t\t\t\t\t<\/div>\n\t\t<\/div>\n\t\t\t\t<div class=\"elementor-column elementor-col-50 elementor-top-column elementor-element elementor-element-1db3d15a\" data-id=\"1db3d15a\" data-element_type=\"column\">\n\t\t\t<div class=\"elementor-widget-wrap elementor-element-populated\">\n\t\t\t\t\t\t\t\t<div class=\"elementor-element elementor-element-2193a33 elementor-widget elementor-widget-text-editor\" data-id=\"2193a33\" data-element_type=\"widget\" data-widget_type=\"text-editor.default\">\n\t\t\t\t<div class=\"elementor-widget-container\">\n\t\t\t<style>\/*! elementor - v3.6.7 - 03-07-2022 *\/\n.elementor-widget-text-editor.elementor-drop-cap-view-stacked .elementor-drop-cap{background-color:#818a91;color:#fff}.elementor-widget-text-editor.elementor-drop-cap-view-framed .elementor-drop-cap{color:#818a91;border:3px solid;background-color:transparent}.elementor-widget-text-editor:not(.elementor-drop-cap-view-default) .elementor-drop-cap{margin-top:8px}.elementor-widget-text-editor:not(.elementor-drop-cap-view-default) .elementor-drop-cap-letter{width:1em;height:1em}.elementor-widget-text-editor .elementor-drop-cap{float:left;text-align:center;line-height:1;font-size:50px}.elementor-widget-text-editor .elementor-drop-cap-letter{display:inline-block}<\/style>\t\t\t\t<p>Observatoire de l&rsquo;Ethique et de la D\u00e9ontologie du Tr\u00e9sor Public de C\u00f4te d&rsquo;Ivoire<\/p>\t\t\t\t\t\t<\/div>\n\t\t\t\t<\/div>\n\t\t\t\t<div class=\"elementor-element elementor-element-bd808d6 elementor-widget elementor-widget-spacer\" data-id=\"bd808d6\" data-element_type=\"widget\" data-widget_type=\"spacer.default\">\n\t\t\t\t<div class=\"elementor-widget-container\">\n\t\t\t<style>\/*! elementor - v3.6.7 - 03-07-2022 *\/\n.e-container.e-container--row .elementor-spacer-inner{width:var(--spacer-size)}.e-container.e-container--column .elementor-spacer-inner,.elementor-column .elementor-spacer-inner{height:var(--spacer-size)}<\/style>\t\t<div class=\"elementor-spacer\">\n\t\t\t<div class=\"elementor-spacer-inner\"><\/div>\n\t\t<\/div>\n\t\t\t\t<\/div>\n\t\t\t\t<\/div>\n\t\t\t\t<div class=\"elementor-element elementor-element-b37925e elementor-widget elementor-widget-spacer\" data-id=\"b37925e\" data-element_type=\"widget\" data-widget_type=\"spacer.default\">\n\t\t\t\t<div class=\"elementor-widget-container\">\n\t\t\t\t\t<div class=\"elementor-spacer\">\n\t\t\t<div class=\"elementor-spacer-inner\"><\/div>\n\t\t<\/div>\n\t\t\t\t<\/div>\n\t\t\t\t<\/div>\n\t\t\t\t<div class=\"elementor-element elementor-element-e9d626d elementor-widget elementor-widget-text-editor\" data-id=\"e9d626d\" data-element_type=\"widget\" data-widget_type=\"text-editor.default\">\n\t\t\t\t<div class=\"elementor-widget-container\">\n\t\t\t\t\t\t\t<p>Cocody, Angr\u00e9 7 \u00e8me Tranche, Les Oscars &#8211; Immeuble ELIAKIM MA VIGNE &#8211; Batiment 1<\/p>\t\t\t\t\t\t<\/div>\n\t\t\t\t<\/div>\n\t\t\t\t<div class=\"elementor-element elementor-element-d8f984d elementor-widget elementor-widget-spacer\" data-id=\"d8f984d\" data-element_type=\"widget\" data-widget_type=\"spacer.default\">\n\t\t\t\t<div class=\"elementor-widget-container\">\n\t\t\t\t\t<div class=\"elementor-spacer\">\n\t\t\t<div class=\"elementor-spacer-inner\"><\/div>\n\t\t<\/div>\n\t\t\t\t<\/div>\n\t\t\t\t<\/div>\n\t\t\t\t<div class=\"elementor-element elementor-element-b29cdf1 elementor-widget elementor-widget-text-editor\" data-id=\"b29cdf1\" data-element_type=\"widget\" data-widget_type=\"text-editor.default\">\n\t\t\t\t<div class=\"elementor-widget-container\">\n\t\t\t\t\t\t\t<p>Adresse Postale: BP V 98 CI&nbsp;<\/p>\t\t\t\t\t\t<\/div>\n\t\t\t\t<\/div>\n\t\t\t\t<div class=\"elementor-element elementor-element-11ae030 elementor-widget elementor-widget-spacer\" data-id=\"11ae030\" data-element_type=\"widget\" data-widget_type=\"spacer.default\">\n\t\t\t\t<div class=\"elementor-widget-container\">\n\t\t\t\t\t<div class=\"elementor-spacer\">\n\t\t\t<div class=\"elementor-spacer-inner\"><\/div>\n\t\t<\/div>\n\t\t\t\t<\/div>\n\t\t\t\t<\/div>\n\t\t\t\t<div class=\"elementor-element elementor-element-6885d0e elementor-widget elementor-widget-text-editor\" data-id=\"6885d0e\" data-element_type=\"widget\" data-widget_type=\"text-editor.default\">\n\t\t\t\t<div class=\"elementor-widget-container\">\n\t\t\t\t\t\t\t<p>T\u00e9l\u00e9phone: 27 22 22 16 18<\/p>\t\t\t\t\t\t<\/div>\n\t\t\t\t<\/div>\n\t\t\t\t<div class=\"elementor-element elementor-element-653c50e elementor-widget elementor-widget-spacer\" data-id=\"653c50e\" data-element_type=\"widget\" data-widget_type=\"spacer.default\">\n\t\t\t\t<div class=\"elementor-widget-container\">\n\t\t\t\t\t<div class=\"elementor-spacer\">\n\t\t\t<div class=\"elementor-spacer-inner\"><\/div>\n\t\t<\/div>\n\t\t\t\t<\/div>\n\t\t\t\t<\/div>\n\t\t\t\t<div class=\"elementor-element elementor-element-b80a9aa elementor-widget elementor-widget-text-editor\" data-id=\"b80a9aa\" data-element_type=\"widget\" data-widget_type=\"text-editor.default\">\n\t\t\t\t<div class=\"elementor-widget-container\">\n\t\t\t\t\t\t\t<p>Num\u00e9ro Vert: 8000 10 10<\/p>\t\t\t\t\t\t<\/div>\n\t\t\t\t<\/div>\n\t\t\t\t<div class=\"elementor-element elementor-element-26e82bd elementor-widget elementor-widget-spacer\" data-id=\"26e82bd\" data-element_type=\"widget\" data-widget_type=\"spacer.default\">\n\t\t\t\t<div class=\"elementor-widget-container\">\n\t\t\t\t\t<div class=\"elementor-spacer\">\n\t\t\t<div class=\"elementor-spacer-inner\"><\/div>\n\t\t<\/div>\n\t\t\t\t<\/div>\n\t\t\t\t<\/div>\n\t\t\t\t<div class=\"elementor-element elementor-element-acc3d65 elementor-widget elementor-widget-text-editor\" data-id=\"acc3d65\" data-element_type=\"widget\" data-widget_type=\"text-editor.default\">\n\t\t\t\t<div class=\"elementor-widget-container\">\n\t\t\t\t\t\t\t<p>Email: observatoire@tresor.gouv.ci<\/p>\t\t\t\t\t\t<\/div>\n\t\t\t\t<\/div>\n\t\t\t\t\t<\/div>\n\t\t<\/div>\n\t\t\t\t\t\t\t<\/div>\n\t\t<\/section>\n\t\t\t\t<section class=\"elementor-section elementor-top-section elementor-element elementor-element-6bb14d9 elementor-section-boxed elementor-section-height-default elementor-section-height-default\" data-id=\"6bb14d9\" data-element_type=\"section\">\n\t\t\t\t\t\t<div class=\"elementor-container elementor-column-gap-default\">\n\t\t\t\t\t<div class=\"elementor-column elementor-col-100 elementor-top-column elementor-element elementor-element-6d48839\" data-id=\"6d48839\" data-element_type=\"column\">\n\t\t\t<div class=\"elementor-widget-wrap elementor-element-populated\">\n\t\t\t\t\t\t\t\t<div class=\"elementor-element elementor-element-40f146f elementor-widget elementor-widget-spacer\" data-id=\"40f146f\" data-element_type=\"widget\" data-widget_type=\"spacer.default\">\n\t\t\t\t<div class=\"elementor-widget-container\">\n\t\t\t\t\t<div class=\"elementor-spacer\">\n\t\t\t<div class=\"elementor-spacer-inner\"><\/div>\n\t\t<\/div>\n\t\t\t\t<\/div>\n\t\t\t\t<\/div>\n\t\t\t\t\t<\/div>\n\t\t<\/div>\n\t\t\t\t\t\t\t<\/div>\n\t\t<\/section>\n\t\t\t\t\t\t\t<\/div>\n\t\t","protected":false},"excerpt":{"rendered":"<p>Observatoire de l&rsquo;Ethique et de la D\u00e9ontologie du Tr\u00e9sor Public de C\u00f4te d&rsquo;Ivoire Cocody, Angr\u00e9 7 \u00e8me Tranche, Les Oscars &#8211; Immeuble ELIAKIM MA VIGNE &#8211; Batiment 1 Adresse Postale: BP V 98 CI&nbsp; T\u00e9l\u00e9phone: 27 22 22 16 18 Num\u00e9ro Vert: 8000 10 10 Email: observatoire@tresor.gouv.ci<\/p>\n","protected":false},"author":1,"featured_media":0,"parent":0,"menu_order":0,"comment_status":"closed","ping_status":"closed","template":"","meta":{"footnotes":""},"class_list":["post-3065","page","type-page","status-publish","hentry"],"_links":{"self":[{"href":"https:\/\/observatoire.tresor.gouv.ci\/oed2\/wp-json\/wp\/v2\/pages\/3065","targetHints":{"allow":["GET"]}}],"collection":[{"href":"https:\/\/observatoire.tresor.gouv.ci\/oed2\/wp-json\/wp\/v2\/pages"}],"about":[{"href":"https:\/\/observatoire.tresor.gouv.ci\/oed2\/wp-json\/wp\/v2\/types\/page"}],"author":[{"embeddable":true,"href":"https:\/\/observatoire.tresor.gouv.ci\/oed2\/wp-json\/wp\/v2\/users\/1"}],"replies":[{"embeddable":true,"href":"https:\/\/observatoire.tresor.gouv.ci\/oed2\/wp-json\/wp\/v2\/comments?post=3065"}],"version-history":[{"count":37,"href":"https:\/\/observatoire.tresor.gouv.ci\/oed2\/wp-json\/wp\/v2\/pages\/3065\/revisions"}],"predecessor-version":[{"id":5987,"href":"https:\/\/observatoire.tresor.gouv.ci\/oed2\/wp-json\/wp\/v2\/pages\/3065\/revisions\/5987"}],"wp:attachment":[{"href":"https:\/\/observatoire.tresor.gouv.ci\/oed2\/wp-json\/wp\/v2\/media?parent=3065"}],"curies":[{"name":"wp","href":"https:\/\/api.w.org\/{rel}","templated":true}]}}