{"id":1031,"date":"2020-10-05T19:04:22","date_gmt":"2020-10-05T17:04:22","guid":{"rendered":"https:\/\/observatoire.tresor.gouv.ci\/oed2\/?page_id=1031"},"modified":"2024-10-28T14:20:19","modified_gmt":"2024-10-28T13:20:19","slug":"personne-morale","status":"publish","type":"page","link":"https:\/\/observatoire.tresor.gouv.ci\/oed2\/personne-morale\/","title":{"rendered":"Personne morale"},"content":{"rendered":"\t\t<div data-elementor-type=\"wp-page\" data-elementor-id=\"1031\" class=\"elementor elementor-1031\">\n\t\t\t\t\t\t\t\t\t<section class=\"elementor-section elementor-top-section elementor-element elementor-element-b416b2d elementor-section-boxed elementor-section-height-default elementor-section-height-default\" data-id=\"b416b2d\" data-element_type=\"section\">\n\t\t\t\t\t\t<div class=\"elementor-container elementor-column-gap-default\">\n\t\t\t\t\t<div class=\"elementor-column elementor-col-33 elementor-top-column elementor-element elementor-element-e2d1800\" data-id=\"e2d1800\" data-element_type=\"column\">\n\t\t\t<div class=\"elementor-widget-wrap\">\n\t\t\t\t\t\t\t\t\t<\/div>\n\t\t<\/div>\n\t\t\t\t<div class=\"elementor-column elementor-col-33 elementor-top-column elementor-element elementor-element-99cb9fe\" data-id=\"99cb9fe\" data-element_type=\"column\">\n\t\t\t<div class=\"elementor-widget-wrap elementor-element-populated\">\n\t\t\t\t\t\t\t\t<div class=\"elementor-element elementor-element-e2aac21 elementor-widget elementor-widget-spacer\" data-id=\"e2aac21\" data-element_type=\"widget\" data-widget_type=\"spacer.default\">\n\t\t\t\t<div class=\"elementor-widget-container\">\n\t\t\t<style>\/*! elementor - v3.6.7 - 03-07-2022 *\/\n.e-container.e-container--row .elementor-spacer-inner{width:var(--spacer-size)}.e-container.e-container--column .elementor-spacer-inner,.elementor-column .elementor-spacer-inner{height:var(--spacer-size)}<\/style>\t\t<div class=\"elementor-spacer\">\n\t\t\t<div class=\"elementor-spacer-inner\"><\/div>\n\t\t<\/div>\n\t\t\t\t<\/div>\n\t\t\t\t<\/div>\n\t\t\t\t<div class=\"elementor-element elementor-element-13e864b elementor-widget elementor-widget-heading\" data-id=\"13e864b\" data-element_type=\"widget\" data-widget_type=\"heading.default\">\n\t\t\t\t<div class=\"elementor-widget-container\">\n\t\t\t<style>\/*! elementor - v3.6.7 - 03-07-2022 *\/\n.elementor-heading-title{padding:0;margin:0;line-height:1}.elementor-widget-heading .elementor-heading-title[class*=elementor-size-]>a{color:inherit;font-size:inherit;line-height:inherit}.elementor-widget-heading .elementor-heading-title.elementor-size-small{font-size:15px}.elementor-widget-heading .elementor-heading-title.elementor-size-medium{font-size:19px}.elementor-widget-heading .elementor-heading-title.elementor-size-large{font-size:29px}.elementor-widget-heading .elementor-heading-title.elementor-size-xl{font-size:39px}.elementor-widget-heading .elementor-heading-title.elementor-size-xxl{font-size:59px}<\/style><h2 class=\"elementor-heading-title elementor-size-default\">FORMULAIRE DE SAISINE POUR PERSONNE MORALE<\/h2>\t\t<\/div>\n\t\t\t\t<\/div>\n\t\t\t\t\t<\/div>\n\t\t<\/div>\n\t\t\t\t<div class=\"elementor-column elementor-col-33 elementor-top-column elementor-element elementor-element-b21d41a\" data-id=\"b21d41a\" data-element_type=\"column\">\n\t\t\t<div class=\"elementor-widget-wrap\">\n\t\t\t\t\t\t\t\t\t<\/div>\n\t\t<\/div>\n\t\t\t\t\t\t\t<\/div>\n\t\t<\/section>\n\t\t\t\t<section class=\"elementor-section elementor-top-section elementor-element elementor-element-ea70ad5 elementor-section-boxed elementor-section-height-default elementor-section-height-default\" data-id=\"ea70ad5\" data-element_type=\"section\">\n\t\t\t\t\t\t<div class=\"elementor-container elementor-column-gap-default\">\n\t\t\t\t\t<div class=\"elementor-column elementor-col-100 elementor-top-column elementor-element elementor-element-6b5e25c\" data-id=\"6b5e25c\" data-element_type=\"column\">\n\t\t\t<div class=\"elementor-widget-wrap elementor-element-populated\">\n\t\t\t\t\t\t\t\t<div class=\"elementor-element elementor-element-64deb64 elementor-widget elementor-widget-text-editor\" data-id=\"64deb64\" data-element_type=\"widget\" data-widget_type=\"text-editor.default\">\n\t\t\t\t<div class=\"elementor-widget-container\">\n\t\t\t<style>\/*! elementor - v3.6.7 - 03-07-2022 *\/\n.elementor-widget-text-editor.elementor-drop-cap-view-stacked .elementor-drop-cap{background-color:#818a91;color:#fff}.elementor-widget-text-editor.elementor-drop-cap-view-framed .elementor-drop-cap{color:#818a91;border:3px solid;background-color:transparent}.elementor-widget-text-editor:not(.elementor-drop-cap-view-default) .elementor-drop-cap{margin-top:8px}.elementor-widget-text-editor:not(.elementor-drop-cap-view-default) .elementor-drop-cap-letter{width:1em;height:1em}.elementor-widget-text-editor .elementor-drop-cap{float:left;text-align:center;line-height:1;font-size:50px}.elementor-widget-text-editor .elementor-drop-cap-letter{display:inline-block}<\/style>\t\t\t\t<div role=\"form\" class=\"wpcf7\" id=\"wpcf7-f1940-o1\" lang=\"fr-FR\" dir=\"ltr\">\n<div class=\"screen-reader-response\"><p role=\"status\" aria-live=\"polite\" aria-atomic=\"true\"><\/p> <ul><\/ul><\/div>\n<form action=\"\/oed2\/wp-json\/wp\/v2\/pages\/1031#wpcf7-f1940-o1\" method=\"post\" class=\"wpcf7-form init\" enctype=\"multipart\/form-data\" novalidate=\"novalidate\" data-status=\"init\">\n<div style=\"display: none;\">\n<input type=\"hidden\" name=\"_wpcf7\" value=\"1940\" \/>\n<input type=\"hidden\" name=\"_wpcf7_version\" value=\"5.6\" \/>\n<input type=\"hidden\" name=\"_wpcf7_locale\" value=\"fr_FR\" \/>\n<input type=\"hidden\" name=\"_wpcf7_unit_tag\" value=\"wpcf7-f1940-o1\" \/>\n<input type=\"hidden\" name=\"_wpcf7_container_post\" value=\"0\" \/>\n<input type=\"hidden\" name=\"_wpcf7_posted_data_hash\" value=\"\" \/>\n<input type=\"hidden\" name=\"_wpcf7_recaptcha_response\" value=\"\" \/>\n<\/div>\n<p>Les champs marqu\u00e9s d\u2019un * sont obligatoires<\/p>\n<p  style: center;> <b> VOS INFORMATIONS<\/b><\/p>\n<p>D\u00e9nomination Raison Sociale* <span class=\"wpcf7-form-control-wrap\" data-name=\"Denominationouraisonsociale\"><input type=\"text\" name=\"Denominationouraisonsociale\" value=\"\" size=\"40\" class=\"wpcf7-form-control wpcf7-text wpcf7-validates-as-required\" aria-required=\"true\" aria-invalid=\"false\" placeholder=\"D\u00e9nomination ou raison sociale*\" \/><\/span><\/p>\n<p>Forme juridique<span class=\"wpcf7-form-control-wrap\" data-name=\"Formejuridique\"><input type=\"text\" name=\"Formejuridique\" value=\"\" size=\"40\" class=\"wpcf7-form-control wpcf7-text\" aria-invalid=\"false\" placeholder=\"Forme juridique\" \/><\/span><\/p>\n<p>Domaine d\u2019activit\u00e9s ou m\u00e9tier de l\u2019organisme*<span class=\"wpcf7-form-control-wrap\" data-name=\"Domainedactivitsoumtierdelorganisme\"><input type=\"text\" name=\"Domainedactivitsoumtierdelorganisme\" value=\"\" size=\"40\" class=\"wpcf7-form-control wpcf7-text\" aria-invalid=\"false\" placeholder=\"Domaine d\u2019activit\u00e9s ou m\u00e9tier de l\u2019organisme\" \/><\/span><\/p>\n<p>Adresse du si\u00e8ge social<span class=\"wpcf7-form-control-wrap\" data-name=\"Adressedusigesocial\"><input type=\"text\" name=\"Adressedusigesocial\" value=\"\" size=\"40\" class=\"wpcf7-form-control wpcf7-text\" aria-invalid=\"false\" placeholder=\"Adresse du si\u00e8ge social\" \/><\/span><\/p>\n<p>Email*<span class=\"wpcf7-form-control-wrap\" data-name=\"email-984\"><input type=\"email\" name=\"email-984\" value=\"\" size=\"40\" class=\"wpcf7-form-control wpcf7-text wpcf7-email wpcf7-validates-as-required wpcf7-validates-as-email\" aria-required=\"true\" aria-invalid=\"false\" placeholder=\"Email*\" \/><\/span><\/p>\n<p>Repr\u00e9sentant l\u00e9gal*<span class=\"wpcf7-form-control-wrap\" data-name=\"Reprsentantlgal\"><input type=\"text\" name=\"Reprsentantlgal\" value=\"\" size=\"40\" class=\"wpcf7-form-control wpcf7-text wpcf7-validates-as-required\" aria-required=\"true\" aria-invalid=\"false\" placeholder=\"Repr\u00e9sentant l\u00e9gal*\" \/><\/span><\/p>\n<p>T\u00e9l\u00e9phone fixe<span class=\"wpcf7-form-control-wrap\" data-name=\"Tlphonefixe\"><input type=\"tel\" name=\"Tlphonefixe\" value=\"\" size=\"40\" class=\"wpcf7-form-control wpcf7-text wpcf7-tel wpcf7-validates-as-tel\" aria-invalid=\"false\" placeholder=\"T\u00e9l\u00e9phone fixe\" \/><\/span><\/p>\n<p>T\u00e9l\u00e9phone cellulaire*<span class=\"wpcf7-form-control-wrap\" data-name=\"Tlphonecellulaire\"><input type=\"tel\" name=\"Tlphonecellulaire\" value=\"\" size=\"40\" class=\"wpcf7-form-control wpcf7-text wpcf7-tel wpcf7-validates-as-required wpcf7-validates-as-tel\" aria-required=\"true\" aria-invalid=\"false\" placeholder=\"T\u00e9l\u00e9phone cellulaire*\" \/><\/span><\/p>\n<p><br\/><br \/>\n<b>OBJET DE LA REQUETE<\/b><\/p>\n<p><span class=\"wpcf7-form-control-wrap\" data-name=\"Objectdevotresaisine\"><span class=\"wpcf7-form-control wpcf7-checkbox wpcf7-validates-as-required\"><span class=\"wpcf7-list-item first\"><span class=\"wpcf7-list-item-label\">D\u00e9nonciation<\/span><input type=\"checkbox\" name=\"Objectdevotresaisine[]\" value=\"D\u00e9nonciation\" \/><\/span><span class=\"wpcf7-list-item\"><span class=\"wpcf7-list-item-label\">Plainte<\/span><input type=\"checkbox\" name=\"Objectdevotresaisine[]\" value=\"Plainte\" \/><\/span><span class=\"wpcf7-list-item last\"><span class=\"wpcf7-list-item-label\">Autre<\/span><input type=\"checkbox\" name=\"Objectdevotresaisine[]\" value=\"Autre\" \/><\/span><\/span><\/span><\/p>\n<p><span class=\"wpcf7-form-control-wrap\" data-name=\"Autre\"><input type=\"text\" name=\"Autre\" value=\"\" size=\"40\" class=\"wpcf7-form-control wpcf7-text\" aria-invalid=\"false\" placeholder=\"Merci de pr\u00e9ciser, si vous cochez Autre\" \/><\/span><\/p>\n<p>Expos\u00e9 des motifs*<span class=\"wpcf7-form-control-wrap\" data-name=\"Exposedesmotifs\"><textarea name=\"Exposedesmotifs\" cols=\"40\" rows=\"10\" class=\"wpcf7-form-control wpcf7-textarea wpcf7-validates-as-required\" aria-required=\"true\" aria-invalid=\"false\" placeholder=\"Expos\u00e9 des motifs*\"><\/textarea><\/span><\/p>\n<p>Pi\u00e8ces \u00e9ventuelles sur lesquelles la saisine est fond\u00e9e \u00e0 joindre au dossier (facultatif)<br \/>\n<span class=\"wpcf7-form-control-wrap\" data-name=\"piecejointe\"><input type=\"file\" name=\"piecejointe\" size=\"40\" class=\"wpcf7-form-control wpcf7-file\" accept=\".jpg,.png,.doc\" aria-invalid=\"false\" \/><\/span><\/p>\n<p><br\/><br \/>\n<b> IDENTIFICATION DE LA PARTIE MISE EN CAUSE <\/b><\/p>\n<p>Identit\u00e9 ou liste des mis en cause*<span class=\"wpcf7-form-control-wrap\" data-name=\"Identiteoulistedesmisencause\"><input type=\"text\" name=\"Identiteoulistedesmisencause\" value=\"\" size=\"40\" class=\"wpcf7-form-control wpcf7-text wpcf7-validates-as-required\" aria-required=\"true\" aria-invalid=\"false\" placeholder=\"Identit\u00e9 ou liste des mis en cause*\" \/><\/span><\/p>\n<p>Direction, Poste comptable ou Service concern\u00e9<span class=\"wpcf7-form-control-wrap\" data-name=\"DirectionPostecomptableouServiceconcerne\"><input type=\"text\" name=\"DirectionPostecomptableouServiceconcerne\" value=\"\" size=\"40\" class=\"wpcf7-form-control wpcf7-text\" aria-invalid=\"false\" placeholder=\"Direction, Poste comptable ou Service concern\u00e9\" \/><\/span><\/p>\n<p><span class=\"wpcf7-form-control-wrap\" data-name=\"AdresseTelephone\"><input type=\"text\" name=\"AdresseTelephone\" value=\"\" size=\"40\" class=\"wpcf7-form-control wpcf7-text\" aria-invalid=\"false\" placeholder=\"Adresse\/T\u00e9l\u00e9phone (facultatif)\" \/><\/span><br \/>\nNB : L\u2019identification du requ\u00e9rant est obligatoire en cas de plainte et facultative en cas de d\u00e9nonciation<\/p>\n<p  style: center;><input type=\"submit\" value=\"ENVOYEZ VOTRE REQUETE\" class=\"wpcf7-form-control has-spinner wpcf7-submit\" \/><\/p>\n<div class=\"wpcf7-response-output\" aria-hidden=\"true\"><\/div><\/form><\/div>\t\t\t\t\t\t<\/div>\n\t\t\t\t<\/div>\n\t\t\t\t<div class=\"elementor-element elementor-element-f2a18de elementor-widget elementor-widget-spacer\" data-id=\"f2a18de\" data-element_type=\"widget\" data-widget_type=\"spacer.default\">\n\t\t\t\t<div class=\"elementor-widget-container\">\n\t\t\t\t\t<div class=\"elementor-spacer\">\n\t\t\t<div class=\"elementor-spacer-inner\"><\/div>\n\t\t<\/div>\n\t\t\t\t<\/div>\n\t\t\t\t<\/div>\n\t\t\t\t\t<\/div>\n\t\t<\/div>\n\t\t\t\t\t\t\t<\/div>\n\t\t<\/section>\n\t\t\t\t\t\t\t<\/div>\n\t\t","protected":false},"excerpt":{"rendered":"<p>FORMULAIRE DE SAISINE POUR PERSONNE MORALE<\/p>\n","protected":false},"author":1,"featured_media":0,"parent":0,"menu_order":0,"comment_status":"closed","ping_status":"closed","template":"elementor_canvas","meta":{"footnotes":""},"class_list":["post-1031","page","type-page","status-publish","hentry"],"_links":{"self":[{"href":"https:\/\/observatoire.tresor.gouv.ci\/oed2\/wp-json\/wp\/v2\/pages\/1031","targetHints":{"allow":["GET"]}}],"collection":[{"href":"https:\/\/observatoire.tresor.gouv.ci\/oed2\/wp-json\/wp\/v2\/pages"}],"about":[{"href":"https:\/\/observatoire.tresor.gouv.ci\/oed2\/wp-json\/wp\/v2\/types\/page"}],"author":[{"embeddable":true,"href":"https:\/\/observatoire.tresor.gouv.ci\/oed2\/wp-json\/wp\/v2\/users\/1"}],"replies":[{"embeddable":true,"href":"https:\/\/observatoire.tresor.gouv.ci\/oed2\/wp-json\/wp\/v2\/comments?post=1031"}],"version-history":[{"count":165,"href":"https:\/\/observatoire.tresor.gouv.ci\/oed2\/wp-json\/wp\/v2\/pages\/1031\/revisions"}],"predecessor-version":[{"id":5585,"href":"https:\/\/observatoire.tresor.gouv.ci\/oed2\/wp-json\/wp\/v2\/pages\/1031\/revisions\/5585"}],"wp:attachment":[{"href":"https:\/\/observatoire.tresor.gouv.ci\/oed2\/wp-json\/wp\/v2\/media?parent=1031"}],"curies":[{"name":"wp","href":"https:\/\/api.w.org\/{rel}","templated":true}]}}